{"id":353,"date":"2026-02-02T20:26:26","date_gmt":"2026-02-02T20:26:26","guid":{"rendered":"https:\/\/unimescreations.com\/?post_type=product&#038;p=353"},"modified":"2026-02-22T13:14:44","modified_gmt":"2026-02-22T13:14:44","slug":"carina","status":"publish","type":"product","link":"https:\/\/unimescreations.com\/index.php\/produit\/carina\/","title":{"rendered":"CARINA"},"content":{"rendered":"<p><em><strong>Le design g\u00e9om\u00e9trique donne un bijou graphique au caract\u00e8re affirm\u00e9.<\/strong><\/em><\/p>\n<p>&nbsp;<\/p>\n<p>Forme : Triangle<\/p>\n<p>Dimension : 50mm de c\u00f4t\u00e9<\/p>\n<p>Couleur : rouge<\/p>\n<p>Finition : satin\u00e9e<\/p>\n<p>Attaches : Crochets d&rsquo;oreilles type<em> fish hook\u00a0<\/em>en acier inoxydable dor\u00e9<\/p>\n","protected":false},"excerpt":{"rendered":"<p><strong>Boucles d&rsquo;oreilles CARINA &#8211; mod\u00e8le unique peint \u00e0 la main.<\/strong><\/p>\n<p>L\u00e9g\u00e8res et confortables, elles revendiquent une attitude d\u00e9termin\u00e9e.<\/p>\n<p>&nbsp;<\/p>\n","protected":false},"featured_media":331,"comment_status":"open","ping_status":"closed","template":"","meta":[],"product_brand":[],"product_cat":[17],"product_tag":[],"class_list":{"0":"post-353","1":"product","2":"type-product","3":"status-publish","4":"has-post-thumbnail","6":"product_cat-boucles-doreilles-peintes-a-la-main","8":"first","9":"instock","10":"purchasable","11":"product-type-simple"},"jetpack_sharing_enabled":true,"_links":{"self":[{"href":"https:\/\/unimescreations.com\/index.php\/wp-json\/wp\/v2\/product\/353","targetHints":{"allow":["GET"]}}],"collection":[{"href":"https:\/\/unimescreations.com\/index.php\/wp-json\/wp\/v2\/product"}],"about":[{"href":"https:\/\/unimescreations.com\/index.php\/wp-json\/wp\/v2\/types\/product"}],"replies":[{"embeddable":true,"href":"https:\/\/unimescreations.com\/index.php\/wp-json\/wp\/v2\/comments?post=353"}],"wp:featuredmedia":[{"embeddable":true,"href":"https:\/\/unimescreations.com\/index.php\/wp-json\/wp\/v2\/media\/331"}],"wp:attachment":[{"href":"https:\/\/unimescreations.com\/index.php\/wp-json\/wp\/v2\/media?parent=353"}],"wp:term":[{"taxonomy":"product_brand","embeddable":true,"href":"https:\/\/unimescreations.com\/index.php\/wp-json\/wp\/v2\/product_brand?post=353"},{"taxonomy":"product_cat","embeddable":true,"href":"https:\/\/unimescreations.com\/index.php\/wp-json\/wp\/v2\/product_cat?post=353"},{"taxonomy":"product_tag","embeddable":true,"href":"https:\/\/unimescreations.com\/index.php\/wp-json\/wp\/v2\/product_tag?post=353"}],"curies":[{"name":"wp","href":"https:\/\/api.w.org\/{rel}","templated":true}]}}