{"id":298,"date":"2025-11-26T09:40:07","date_gmt":"2025-11-26T09:40:07","guid":{"rendered":"https:\/\/unimescreations.com\/?post_type=product&#038;p=298"},"modified":"2026-02-22T13:14:13","modified_gmt":"2026-02-22T13:14:13","slug":"boucles-doreilles-gaia","status":"publish","type":"product","link":"https:\/\/unimescreations.com\/index.php\/produit\/boucles-doreilles-gaia\/","title":{"rendered":"Boucles d&rsquo;oreilles GA\u00cfA"},"content":{"rendered":"<p><em>Les boucles d&rsquo;oreilles GA\u00cfA associent un pendant vert translucide aux nuances marbr\u00e9es \u00e0 une monture dor\u00e9e en acier inoxydable.<\/em><\/p>\n<p><strong>Formes :<\/strong> profile en V<\/p>\n<p><strong>Couleur :<\/strong> Vert marbr\u00e9<\/p>\n<p><strong>Attaches :<\/strong> Fermoirs \u00e0 charni\u00e8res<\/p>\n","protected":false},"excerpt":{"rendered":"<p>GA\u00cfA, une touche de nature qui respire la s\u00e9r\u00e9nit\u00e9.<\/p>\n<p>Elles vous donnerons un petit \u00e9clat confiant qui ne passe pas inaper\u00e7u.<\/p>\n","protected":false},"featured_media":282,"comment_status":"open","ping_status":"closed","template":"","meta":[],"product_brand":[],"product_cat":[18],"product_tag":[],"class_list":{"0":"post-298","1":"product","2":"type-product","3":"status-publish","4":"has-post-thumbnail","6":"product_cat-boucles-doreilles-acier-inoxydable","8":"first","9":"instock","10":"sold-individually","11":"purchasable","12":"product-type-simple"},"jetpack_sharing_enabled":true,"_links":{"self":[{"href":"https:\/\/unimescreations.com\/index.php\/wp-json\/wp\/v2\/product\/298","targetHints":{"allow":["GET"]}}],"collection":[{"href":"https:\/\/unimescreations.com\/index.php\/wp-json\/wp\/v2\/product"}],"about":[{"href":"https:\/\/unimescreations.com\/index.php\/wp-json\/wp\/v2\/types\/product"}],"replies":[{"embeddable":true,"href":"https:\/\/unimescreations.com\/index.php\/wp-json\/wp\/v2\/comments?post=298"}],"wp:featuredmedia":[{"embeddable":true,"href":"https:\/\/unimescreations.com\/index.php\/wp-json\/wp\/v2\/media\/282"}],"wp:attachment":[{"href":"https:\/\/unimescreations.com\/index.php\/wp-json\/wp\/v2\/media?parent=298"}],"wp:term":[{"taxonomy":"product_brand","embeddable":true,"href":"https:\/\/unimescreations.com\/index.php\/wp-json\/wp\/v2\/product_brand?post=298"},{"taxonomy":"product_cat","embeddable":true,"href":"https:\/\/unimescreations.com\/index.php\/wp-json\/wp\/v2\/product_cat?post=298"},{"taxonomy":"product_tag","embeddable":true,"href":"https:\/\/unimescreations.com\/index.php\/wp-json\/wp\/v2\/product_tag?post=298"}],"curies":[{"name":"wp","href":"https:\/\/api.w.org\/{rel}","templated":true}]}}