{"id":266,"date":"2025-11-26T10:16:11","date_gmt":"2025-11-26T10:16:11","guid":{"rendered":"https:\/\/unimescreations.com\/?post_type=product&#038;p=266"},"modified":"2026-02-22T13:14:13","modified_gmt":"2026-02-22T13:14:13","slug":"boucles-doreilles-elera","status":"publish","type":"product","link":"https:\/\/unimescreations.com\/index.php\/produit\/boucles-doreilles-elera\/","title":{"rendered":"Boucles d&rsquo;oreilles ELERA"},"content":{"rendered":"<p><em>ELERA pr\u00e9sente une surface orn\u00e9e de fines rainures parall\u00e8les qui cr\u00e9ent un effet de volume et de mouvement.<\/em><\/p>\n<p><strong>Forme :<\/strong> goutte creuse, arrondie et sculpt\u00e9e<\/p>\n<p><strong>Dimension :<\/strong> longueur : 30 mm<\/p>\n<p><strong>Couleur :<\/strong> Dor\u00e9e en acier inoxydable.<\/p>\n<p><strong>Attaches :<\/strong> clous d&rsquo;oreilles avec fermoir papillon.<\/p>\n","protected":false},"excerpt":{"rendered":"<p>Cette boucle d&rsquo;oreille dor\u00e9e arbore une forme moderne, l\u00e9g\u00e8rement incurv\u00e9e qui lui donne un style \u00e0 la fois \u00e9pur\u00e9 et sophistiqu\u00e9.<\/p>\n<p>Bijou simple mais travaill\u00e9, capable d&rsquo;apporter de l&rsquo;\u00e9l\u00e9gance \u00e0 toutes les tenues.<\/p>\n","protected":false},"featured_media":255,"comment_status":"open","ping_status":"closed","template":"","meta":[],"product_brand":[],"product_cat":[18],"product_tag":[],"class_list":{"0":"post-266","1":"product","2":"type-product","3":"status-publish","4":"has-post-thumbnail","6":"product_cat-boucles-doreilles-acier-inoxydable","8":"first","9":"instock","10":"sold-individually","11":"purchasable","12":"product-type-simple"},"jetpack_sharing_enabled":true,"_links":{"self":[{"href":"https:\/\/unimescreations.com\/index.php\/wp-json\/wp\/v2\/product\/266","targetHints":{"allow":["GET"]}}],"collection":[{"href":"https:\/\/unimescreations.com\/index.php\/wp-json\/wp\/v2\/product"}],"about":[{"href":"https:\/\/unimescreations.com\/index.php\/wp-json\/wp\/v2\/types\/product"}],"replies":[{"embeddable":true,"href":"https:\/\/unimescreations.com\/index.php\/wp-json\/wp\/v2\/comments?post=266"}],"wp:featuredmedia":[{"embeddable":true,"href":"https:\/\/unimescreations.com\/index.php\/wp-json\/wp\/v2\/media\/255"}],"wp:attachment":[{"href":"https:\/\/unimescreations.com\/index.php\/wp-json\/wp\/v2\/media?parent=266"}],"wp:term":[{"taxonomy":"product_brand","embeddable":true,"href":"https:\/\/unimescreations.com\/index.php\/wp-json\/wp\/v2\/product_brand?post=266"},{"taxonomy":"product_cat","embeddable":true,"href":"https:\/\/unimescreations.com\/index.php\/wp-json\/wp\/v2\/product_cat?post=266"},{"taxonomy":"product_tag","embeddable":true,"href":"https:\/\/unimescreations.com\/index.php\/wp-json\/wp\/v2\/product_tag?post=266"}],"curies":[{"name":"wp","href":"https:\/\/api.w.org\/{rel}","templated":true}]}}