{"id":265,"date":"2025-11-26T10:42:34","date_gmt":"2025-11-26T10:42:34","guid":{"rendered":"https:\/\/unimescreations.com\/?post_type=product&#038;p=265"},"modified":"2026-02-22T13:14:13","modified_gmt":"2026-02-22T13:14:13","slug":"boucles-doreilles-acanthe","status":"publish","type":"product","link":"https:\/\/unimescreations.com\/index.php\/produit\/boucles-doreilles-acanthe\/","title":{"rendered":"Boucles d&rsquo;oreilles ACANTHE"},"content":{"rendered":"<p><em>Boucles d&rsquo;oreilles ACANTHE &#8211; en acier inoxydable argent\u00e9. Leur surface martel\u00e9e et d\u00e9licatement textur\u00e9e capte la lumi\u00e8re et rappelle la beaut\u00e9 des formes naturelles<\/em><\/p>\n<p><strong>Forme :<\/strong> pendante feuille<\/p>\n<p><strong>Couleur :<\/strong> Argent\u00e9<\/p>\n<p><strong>Dimension :<\/strong> 55 mm\u00a0 longueur<\/p>\n<p><strong>Attaches :<\/strong> clous d&rsquo;oreilles avec fermoirs silicone<\/p>\n","protected":false},"excerpt":{"rendered":"<p>Les boucles d&rsquo;oreilles Acanthe s&rsquo;inspirent de la d\u00e9licatesse des feuilles et de leurs nervures.<\/p>\n<p>Elles sont id\u00e9ales pour celles qui aiment porter la nature avec \u00e9l\u00e9gance, en toute saison.<\/p>\n","protected":false},"featured_media":248,"comment_status":"open","ping_status":"closed","template":"","meta":[],"product_brand":[],"product_cat":[18],"product_tag":[],"class_list":{"0":"post-265","1":"product","2":"type-product","3":"status-publish","4":"has-post-thumbnail","6":"product_cat-boucles-doreilles-acier-inoxydable","8":"first","9":"instock","10":"sold-individually","11":"purchasable","12":"product-type-simple"},"jetpack_sharing_enabled":true,"_links":{"self":[{"href":"https:\/\/unimescreations.com\/index.php\/wp-json\/wp\/v2\/product\/265","targetHints":{"allow":["GET"]}}],"collection":[{"href":"https:\/\/unimescreations.com\/index.php\/wp-json\/wp\/v2\/product"}],"about":[{"href":"https:\/\/unimescreations.com\/index.php\/wp-json\/wp\/v2\/types\/product"}],"replies":[{"embeddable":true,"href":"https:\/\/unimescreations.com\/index.php\/wp-json\/wp\/v2\/comments?post=265"}],"wp:featuredmedia":[{"embeddable":true,"href":"https:\/\/unimescreations.com\/index.php\/wp-json\/wp\/v2\/media\/248"}],"wp:attachment":[{"href":"https:\/\/unimescreations.com\/index.php\/wp-json\/wp\/v2\/media?parent=265"}],"wp:term":[{"taxonomy":"product_brand","embeddable":true,"href":"https:\/\/unimescreations.com\/index.php\/wp-json\/wp\/v2\/product_brand?post=265"},{"taxonomy":"product_cat","embeddable":true,"href":"https:\/\/unimescreations.com\/index.php\/wp-json\/wp\/v2\/product_cat?post=265"},{"taxonomy":"product_tag","embeddable":true,"href":"https:\/\/unimescreations.com\/index.php\/wp-json\/wp\/v2\/product_tag?post=265"}],"curies":[{"name":"wp","href":"https:\/\/api.w.org\/{rel}","templated":true}]}}