{"id":264,"date":"2025-11-26T11:01:54","date_gmt":"2025-11-26T11:01:54","guid":{"rendered":"https:\/\/unimescreations.com\/?post_type=product&#038;p=264"},"modified":"2026-02-22T13:14:13","modified_gmt":"2026-02-22T13:14:13","slug":"boucles-doreilles-elisea","status":"publish","type":"product","link":"https:\/\/unimescreations.com\/index.php\/produit\/boucles-doreilles-elisea\/","title":{"rendered":"Boucles d&rsquo;oreilles ELISEA"},"content":{"rendered":"<p><em>Boucles d&rsquo;oreilles ELISEA &#8211; en acier inoxydable dor\u00e9. Leur effet martel\u00e9 joue avec la lumi\u00e8re et cr\u00e9e un \u00e9clat subtil, raffin\u00e9 et artisanal.<\/em><\/p>\n<p><strong>Forme :<\/strong> Deux cercles<\/p>\n<p><strong>Couleurs :<\/strong> Dor\u00e9e<\/p>\n<p><strong>Dimensions :<\/strong> 45 mm<\/p>\n<p><strong>Attaches :<\/strong> Clous d&rsquo;oreilles avec fermoirs en silicone<\/p>\n","protected":false},"excerpt":{"rendered":"<p>El\u00e9gantes et lumineuses, ces boucles d&rsquo;oreilles sont intemporelles gr\u00e2ce \u00e0 leur design \u00e9pur\u00e9, tout en relief, qui apporte du caract\u00e8re sans jamais \u00eatre trop charg\u00e9.<\/p>\n<p>&nbsp;<\/p>\n","protected":false},"featured_media":241,"comment_status":"open","ping_status":"closed","template":"","meta":[],"product_brand":[],"product_cat":[18],"product_tag":[],"class_list":{"0":"post-264","1":"product","2":"type-product","3":"status-publish","4":"has-post-thumbnail","6":"product_cat-boucles-doreilles-acier-inoxydable","8":"first","9":"instock","10":"sold-individually","11":"purchasable","12":"product-type-simple"},"jetpack_sharing_enabled":true,"_links":{"self":[{"href":"https:\/\/unimescreations.com\/index.php\/wp-json\/wp\/v2\/product\/264","targetHints":{"allow":["GET"]}}],"collection":[{"href":"https:\/\/unimescreations.com\/index.php\/wp-json\/wp\/v2\/product"}],"about":[{"href":"https:\/\/unimescreations.com\/index.php\/wp-json\/wp\/v2\/types\/product"}],"replies":[{"embeddable":true,"href":"https:\/\/unimescreations.com\/index.php\/wp-json\/wp\/v2\/comments?post=264"}],"wp:featuredmedia":[{"embeddable":true,"href":"https:\/\/unimescreations.com\/index.php\/wp-json\/wp\/v2\/media\/241"}],"wp:attachment":[{"href":"https:\/\/unimescreations.com\/index.php\/wp-json\/wp\/v2\/media?parent=264"}],"wp:term":[{"taxonomy":"product_brand","embeddable":true,"href":"https:\/\/unimescreations.com\/index.php\/wp-json\/wp\/v2\/product_brand?post=264"},{"taxonomy":"product_cat","embeddable":true,"href":"https:\/\/unimescreations.com\/index.php\/wp-json\/wp\/v2\/product_cat?post=264"},{"taxonomy":"product_tag","embeddable":true,"href":"https:\/\/unimescreations.com\/index.php\/wp-json\/wp\/v2\/product_tag?post=264"}],"curies":[{"name":"wp","href":"https:\/\/api.w.org\/{rel}","templated":true}]}}