{"id":263,"date":"2025-11-27T21:09:27","date_gmt":"2025-11-27T21:09:27","guid":{"rendered":"https:\/\/unimescreations.com\/?post_type=product&#038;p=263"},"modified":"2026-02-22T13:14:12","modified_gmt":"2026-02-22T13:14:12","slug":"boucles-doreilles-edera","status":"publish","type":"product","link":"https:\/\/unimescreations.com\/index.php\/produit\/boucles-doreilles-edera\/","title":{"rendered":"Boucles d&rsquo;oreilles EDERA"},"content":{"rendered":"<p><em>Les boucles d&rsquo;oreille EDERA &#8211; Trio de disques grav\u00e9s en acier inoxydable dor\u00e9, qui se superposent pour cr\u00e9er un relief moderne et lumineux.<\/em><\/p>\n<p><strong>Forme :<\/strong> Disques<\/p>\n<p><strong>Couleur :<\/strong> Dor\u00e9<\/p>\n<p><strong>Dimensions :<\/strong> 55mm de longueur<\/p>\n<p><strong>Attaches : <\/strong>clous d&rsquo;oreilles avec fermoirs papillon<\/p>\n<p>&nbsp;<\/p>\n","protected":false},"excerpt":{"rendered":"<p>Ces boucles d&rsquo;oreilles associent harmonieusement trois disques grav\u00e9s et cr\u00e9ent un superbe jeu de volumes.<\/p>\n<p>Elles subliment votre pr\u00e9sence : vous respirez l&rsquo;assurance.<\/p>\n","protected":false},"featured_media":238,"comment_status":"open","ping_status":"closed","template":"","meta":[],"product_brand":[],"product_cat":[18],"product_tag":[],"class_list":{"0":"post-263","1":"product","2":"type-product","3":"status-publish","4":"has-post-thumbnail","6":"product_cat-boucles-doreilles-acier-inoxydable","8":"first","9":"instock","10":"sold-individually","11":"purchasable","12":"product-type-simple"},"jetpack_sharing_enabled":true,"_links":{"self":[{"href":"https:\/\/unimescreations.com\/index.php\/wp-json\/wp\/v2\/product\/263","targetHints":{"allow":["GET"]}}],"collection":[{"href":"https:\/\/unimescreations.com\/index.php\/wp-json\/wp\/v2\/product"}],"about":[{"href":"https:\/\/unimescreations.com\/index.php\/wp-json\/wp\/v2\/types\/product"}],"replies":[{"embeddable":true,"href":"https:\/\/unimescreations.com\/index.php\/wp-json\/wp\/v2\/comments?post=263"}],"wp:featuredmedia":[{"embeddable":true,"href":"https:\/\/unimescreations.com\/index.php\/wp-json\/wp\/v2\/media\/238"}],"wp:attachment":[{"href":"https:\/\/unimescreations.com\/index.php\/wp-json\/wp\/v2\/media?parent=263"}],"wp:term":[{"taxonomy":"product_brand","embeddable":true,"href":"https:\/\/unimescreations.com\/index.php\/wp-json\/wp\/v2\/product_brand?post=263"},{"taxonomy":"product_cat","embeddable":true,"href":"https:\/\/unimescreations.com\/index.php\/wp-json\/wp\/v2\/product_cat?post=263"},{"taxonomy":"product_tag","embeddable":true,"href":"https:\/\/unimescreations.com\/index.php\/wp-json\/wp\/v2\/product_tag?post=263"}],"curies":[{"name":"wp","href":"https:\/\/api.w.org\/{rel}","templated":true}]}}