{"id":203,"date":"2025-11-27T22:09:01","date_gmt":"2025-11-27T22:09:01","guid":{"rendered":"https:\/\/unimescreations.com\/?post_type=product&#038;p=203"},"modified":"2026-02-22T13:14:44","modified_gmt":"2026-02-22T13:14:44","slug":"boucle-doreilles-monstera-marron","status":"publish","type":"product","link":"https:\/\/unimescreations.com\/index.php\/produit\/boucle-doreilles-monstera-marron\/","title":{"rendered":"Boucle d&rsquo;oreilles Monstera Marron"},"content":{"rendered":"<p><strong><em>Monstera Marron &#8211; mod\u00e8le unique- boucles d&rsquo;oreilles peintes \u00e0 la main.<\/em><\/strong><\/p>\n<p><strong>Forme :<\/strong> feuille monstera<\/p>\n<p><b>Couleur : <\/b>Marron avec nervures.<\/p>\n<p><strong>Dimensions :<\/strong> 50 mm de longueur &#8211; 43 mm de largeur<\/p>\n<p><strong>Attaches :<\/strong> Crochet de type<em> fish hook<\/em> dor\u00e9s en acier inoxydable.<\/p>\n<p>&nbsp;<\/p>\n<p>&nbsp;<\/p>\n","protected":false},"excerpt":{"rendered":"<p>Pi\u00e8ce unique, elles sont l\u00e9g\u00e8res et pleines de charme. Ces boucles d&rsquo;oreilles glissent une touche tropicale chic dans vos tenues d&rsquo;\u00e9t\u00e9 comme d&rsquo;hiver.<\/p>\n","protected":false},"featured_media":201,"comment_status":"open","ping_status":"closed","template":"","meta":[],"product_brand":[],"product_cat":[17],"product_tag":[],"class_list":{"0":"post-203","1":"product","2":"type-product","3":"status-publish","4":"has-post-thumbnail","6":"product_cat-boucles-doreilles-peintes-a-la-main","8":"first","9":"instock","10":"sold-individually","11":"purchasable","12":"product-type-simple"},"jetpack_sharing_enabled":true,"_links":{"self":[{"href":"https:\/\/unimescreations.com\/index.php\/wp-json\/wp\/v2\/product\/203","targetHints":{"allow":["GET"]}}],"collection":[{"href":"https:\/\/unimescreations.com\/index.php\/wp-json\/wp\/v2\/product"}],"about":[{"href":"https:\/\/unimescreations.com\/index.php\/wp-json\/wp\/v2\/types\/product"}],"replies":[{"embeddable":true,"href":"https:\/\/unimescreations.com\/index.php\/wp-json\/wp\/v2\/comments?post=203"}],"wp:featuredmedia":[{"embeddable":true,"href":"https:\/\/unimescreations.com\/index.php\/wp-json\/wp\/v2\/media\/201"}],"wp:attachment":[{"href":"https:\/\/unimescreations.com\/index.php\/wp-json\/wp\/v2\/media?parent=203"}],"wp:term":[{"taxonomy":"product_brand","embeddable":true,"href":"https:\/\/unimescreations.com\/index.php\/wp-json\/wp\/v2\/product_brand?post=203"},{"taxonomy":"product_cat","embeddable":true,"href":"https:\/\/unimescreations.com\/index.php\/wp-json\/wp\/v2\/product_cat?post=203"},{"taxonomy":"product_tag","embeddable":true,"href":"https:\/\/unimescreations.com\/index.php\/wp-json\/wp\/v2\/product_tag?post=203"}],"curies":[{"name":"wp","href":"https:\/\/api.w.org\/{rel}","templated":true}]}}