{"id":189,"date":"2025-11-16T14:02:06","date_gmt":"2025-11-16T14:02:06","guid":{"rendered":"https:\/\/unimescreations.com\/?post_type=product&#038;p=189"},"modified":"2026-02-22T13:14:44","modified_gmt":"2026-02-22T13:14:44","slug":"boucles-doreilles-monstera","status":"publish","type":"product","link":"https:\/\/unimescreations.com\/index.php\/produit\/boucles-doreilles-monstera\/","title":{"rendered":"Boucles d&rsquo;oreilles Monstera"},"content":{"rendered":"<h4><strong>Boucles d&rsquo;oreilles Monstera &#8211; mod\u00e8le unique en bois peint \u00e0 la main.<\/strong><\/h4>\n<p><strong>Forme<\/strong> : feuille de monstera<\/p>\n<p><strong>Couleurs<\/strong> : vert profond<\/p>\n<p><strong>Dimensions<\/strong> : hauteur 55 mm ; largeur : 45 mm<\/p>\n<p><strong>Attaches<\/strong> : crochets type<em> fish hook<\/em> argent\u00e9s en acier inoxydable<\/p>\n","protected":false},"excerpt":{"rendered":"<p>Une touche de jungle urbaine \u00e0 vos oreilles gr\u00e2ce \u00e0 ces boucles d&rsquo;oreilles Monstera peintes \u00e0 la main.<\/p>\n","protected":false},"featured_media":190,"comment_status":"open","ping_status":"closed","template":"","meta":[],"product_brand":[],"product_cat":[17],"product_tag":[],"class_list":{"0":"post-189","1":"product","2":"type-product","3":"status-publish","4":"has-post-thumbnail","6":"product_cat-boucles-doreilles-peintes-a-la-main","8":"first","9":"instock","10":"sold-individually","11":"purchasable","12":"product-type-simple"},"jetpack_sharing_enabled":true,"_links":{"self":[{"href":"https:\/\/unimescreations.com\/index.php\/wp-json\/wp\/v2\/product\/189","targetHints":{"allow":["GET"]}}],"collection":[{"href":"https:\/\/unimescreations.com\/index.php\/wp-json\/wp\/v2\/product"}],"about":[{"href":"https:\/\/unimescreations.com\/index.php\/wp-json\/wp\/v2\/types\/product"}],"replies":[{"embeddable":true,"href":"https:\/\/unimescreations.com\/index.php\/wp-json\/wp\/v2\/comments?post=189"}],"wp:featuredmedia":[{"embeddable":true,"href":"https:\/\/unimescreations.com\/index.php\/wp-json\/wp\/v2\/media\/190"}],"wp:attachment":[{"href":"https:\/\/unimescreations.com\/index.php\/wp-json\/wp\/v2\/media?parent=189"}],"wp:term":[{"taxonomy":"product_brand","embeddable":true,"href":"https:\/\/unimescreations.com\/index.php\/wp-json\/wp\/v2\/product_brand?post=189"},{"taxonomy":"product_cat","embeddable":true,"href":"https:\/\/unimescreations.com\/index.php\/wp-json\/wp\/v2\/product_cat?post=189"},{"taxonomy":"product_tag","embeddable":true,"href":"https:\/\/unimescreations.com\/index.php\/wp-json\/wp\/v2\/product_tag?post=189"}],"curies":[{"name":"wp","href":"https:\/\/api.w.org\/{rel}","templated":true}]}}