{"id":183,"date":"2025-11-16T13:04:40","date_gmt":"2025-11-16T13:04:40","guid":{"rendered":"https:\/\/unimescreations.com\/?post_type=product&#038;p=183"},"modified":"2026-02-22T13:14:44","modified_gmt":"2026-02-22T13:14:44","slug":"boucles-doreilles-helios","status":"publish","type":"product","link":"https:\/\/unimescreations.com\/index.php\/produit\/boucles-doreilles-helios\/","title":{"rendered":"Boucles d&rsquo;oreilles H\u00e9lios"},"content":{"rendered":"<h4>Les boucles d&rsquo;oreilles H\u00e9lios peintes \u00e0 la main, arborent un magnifique d\u00e9grad\u00e9 aux teintes solaires.<\/h4>\n<p><strong>Dimensions<\/strong> : 60 mm<\/p>\n<p><strong>Couleurs<\/strong> : rouge, orange et jaune intense<\/p>\n<p><strong>Attaches<\/strong> : crochets type<em> fish hook<\/em> argent\u00e9s en acier inoxydable.<\/p>\n<p>&nbsp;<\/p>\n<p>&nbsp;<\/p>\n","protected":false},"excerpt":{"rendered":"<p>Les boucles d&rsquo;oreilles H\u00e9lios inspir\u00e9es du lev\u00e9 de soleil symbolisent le d\u00e9but d&rsquo;un nouveau cycle.<\/p>\n<p>Elles \u00e9clairent votre journ\u00e9e d&rsquo;une \u00e9nergie douce mais puissante et affirment votre \u00e9clat.<\/p>\n","protected":false},"featured_media":186,"comment_status":"open","ping_status":"closed","template":"","meta":[],"product_brand":[],"product_cat":[17],"product_tag":[],"class_list":{"0":"post-183","1":"product","2":"type-product","3":"status-publish","4":"has-post-thumbnail","6":"product_cat-boucles-doreilles-peintes-a-la-main","8":"first","9":"instock","10":"sold-individually","11":"purchasable","12":"product-type-simple"},"jetpack_sharing_enabled":true,"_links":{"self":[{"href":"https:\/\/unimescreations.com\/index.php\/wp-json\/wp\/v2\/product\/183","targetHints":{"allow":["GET"]}}],"collection":[{"href":"https:\/\/unimescreations.com\/index.php\/wp-json\/wp\/v2\/product"}],"about":[{"href":"https:\/\/unimescreations.com\/index.php\/wp-json\/wp\/v2\/types\/product"}],"replies":[{"embeddable":true,"href":"https:\/\/unimescreations.com\/index.php\/wp-json\/wp\/v2\/comments?post=183"}],"wp:featuredmedia":[{"embeddable":true,"href":"https:\/\/unimescreations.com\/index.php\/wp-json\/wp\/v2\/media\/186"}],"wp:attachment":[{"href":"https:\/\/unimescreations.com\/index.php\/wp-json\/wp\/v2\/media?parent=183"}],"wp:term":[{"taxonomy":"product_brand","embeddable":true,"href":"https:\/\/unimescreations.com\/index.php\/wp-json\/wp\/v2\/product_brand?post=183"},{"taxonomy":"product_cat","embeddable":true,"href":"https:\/\/unimescreations.com\/index.php\/wp-json\/wp\/v2\/product_cat?post=183"},{"taxonomy":"product_tag","embeddable":true,"href":"https:\/\/unimescreations.com\/index.php\/wp-json\/wp\/v2\/product_tag?post=183"}],"curies":[{"name":"wp","href":"https:\/\/api.w.org\/{rel}","templated":true}]}}