{"id":163,"date":"2025-10-28T23:18:11","date_gmt":"2025-10-28T23:18:11","guid":{"rendered":"https:\/\/unimescreations.com\/?post_type=product&#038;p=163"},"modified":"2026-02-22T13:14:44","modified_gmt":"2026-02-22T13:14:44","slug":"boucles-doreilles-sirius","status":"publish","type":"product","link":"https:\/\/unimescreations.com\/index.php\/produit\/boucles-doreilles-sirius\/","title":{"rendered":"Boucles d&rsquo;oreilles Sirius"},"content":{"rendered":"<p>Boucles d&rsquo;oreilles Sirius &#8211; inspir\u00e9 d&rsquo;un mandala, \u00e9voquent l&rsquo; \u00e9quilibre et la confiance int\u00e9rieure.<\/p>\n<p>Forme : cercle<\/p>\n<p>Couleur : vieux rose brillant<\/p>\n<p>Dimensions : 60 mm de diam\u00e8tre<\/p>\n<p>Attaches : crochets type <em>fish hook<\/em> dor\u00e9s en acier inoxydable.<\/p>\n","protected":false},"excerpt":{"rendered":"<p>Les boucles d&rsquo;oreilles Sirius, en bois peint \u00e0 la main, insufflent une douce s\u00e9r\u00e9nit\u00e9 \u00e0 votre style.<\/p>\n","protected":false},"featured_media":93,"comment_status":"open","ping_status":"closed","template":"","meta":[],"product_brand":[],"product_cat":[17],"product_tag":[],"class_list":{"0":"post-163","1":"product","2":"type-product","3":"status-publish","4":"has-post-thumbnail","6":"product_cat-boucles-doreilles-peintes-a-la-main","8":"first","9":"instock","10":"sold-individually","11":"purchasable","12":"product-type-simple"},"jetpack_sharing_enabled":true,"_links":{"self":[{"href":"https:\/\/unimescreations.com\/index.php\/wp-json\/wp\/v2\/product\/163","targetHints":{"allow":["GET"]}}],"collection":[{"href":"https:\/\/unimescreations.com\/index.php\/wp-json\/wp\/v2\/product"}],"about":[{"href":"https:\/\/unimescreations.com\/index.php\/wp-json\/wp\/v2\/types\/product"}],"replies":[{"embeddable":true,"href":"https:\/\/unimescreations.com\/index.php\/wp-json\/wp\/v2\/comments?post=163"}],"wp:featuredmedia":[{"embeddable":true,"href":"https:\/\/unimescreations.com\/index.php\/wp-json\/wp\/v2\/media\/93"}],"wp:attachment":[{"href":"https:\/\/unimescreations.com\/index.php\/wp-json\/wp\/v2\/media?parent=163"}],"wp:term":[{"taxonomy":"product_brand","embeddable":true,"href":"https:\/\/unimescreations.com\/index.php\/wp-json\/wp\/v2\/product_brand?post=163"},{"taxonomy":"product_cat","embeddable":true,"href":"https:\/\/unimescreations.com\/index.php\/wp-json\/wp\/v2\/product_cat?post=163"},{"taxonomy":"product_tag","embeddable":true,"href":"https:\/\/unimescreations.com\/index.php\/wp-json\/wp\/v2\/product_tag?post=163"}],"curies":[{"name":"wp","href":"https:\/\/api.w.org\/{rel}","templated":true}]}}