{"id":158,"date":"2025-10-28T22:30:29","date_gmt":"2025-10-28T22:30:29","guid":{"rendered":"https:\/\/unimescreations.com\/?post_type=product&#038;p=158"},"modified":"2026-02-22T13:14:44","modified_gmt":"2026-02-22T13:14:44","slug":"boucles-doreilles-solaria","status":"publish","type":"product","link":"https:\/\/unimescreations.com\/index.php\/produit\/boucles-doreilles-solaria\/","title":{"rendered":"Boucles d&rsquo;oreilles Solaria"},"content":{"rendered":"<p>Boucles d&rsquo;oreilles Solaria- Mod\u00e8le unique de boucles d&rsquo;oreilles en bois peintes \u00e0 la main et mont\u00e9es sur des crochets en acier inoxydable.<\/p>\n<p><strong>Forme :<\/strong> Ronde<\/p>\n<p><strong>Couleurs :<\/strong> noir &#8211; rouge &#8211; orange &#8211; jaune<\/p>\n<p><strong>Dimensions :<\/strong> 55 mm de diam\u00e8tre<\/p>\n<p><strong>Attaques :<\/strong> crochets type <em>fish hook<\/em> argent\u00e9s.<\/p>\n","protected":false},"excerpt":{"rendered":"<p>Les boucles d&rsquo;oreilles Solaria, un exemplaire \u00e0 ne pas manquer. Des couleurs chatoyantes qui symbolisent la vitalit\u00e9 , l&rsquo; \u00e9nergie et la lumi\u00e8re &#8211; un rayon de soleil \u00e0 porter chaque jour.<\/p>\n","protected":false},"featured_media":103,"comment_status":"open","ping_status":"closed","template":"","meta":[],"product_brand":[],"product_cat":[17],"product_tag":[],"class_list":{"0":"post-158","1":"product","2":"type-product","3":"status-publish","4":"has-post-thumbnail","6":"product_cat-boucles-doreilles-peintes-a-la-main","8":"first","9":"instock","10":"sold-individually","11":"purchasable","12":"product-type-simple"},"jetpack_sharing_enabled":true,"_links":{"self":[{"href":"https:\/\/unimescreations.com\/index.php\/wp-json\/wp\/v2\/product\/158","targetHints":{"allow":["GET"]}}],"collection":[{"href":"https:\/\/unimescreations.com\/index.php\/wp-json\/wp\/v2\/product"}],"about":[{"href":"https:\/\/unimescreations.com\/index.php\/wp-json\/wp\/v2\/types\/product"}],"replies":[{"embeddable":true,"href":"https:\/\/unimescreations.com\/index.php\/wp-json\/wp\/v2\/comments?post=158"}],"wp:featuredmedia":[{"embeddable":true,"href":"https:\/\/unimescreations.com\/index.php\/wp-json\/wp\/v2\/media\/103"}],"wp:attachment":[{"href":"https:\/\/unimescreations.com\/index.php\/wp-json\/wp\/v2\/media?parent=158"}],"wp:term":[{"taxonomy":"product_brand","embeddable":true,"href":"https:\/\/unimescreations.com\/index.php\/wp-json\/wp\/v2\/product_brand?post=158"},{"taxonomy":"product_cat","embeddable":true,"href":"https:\/\/unimescreations.com\/index.php\/wp-json\/wp\/v2\/product_cat?post=158"},{"taxonomy":"product_tag","embeddable":true,"href":"https:\/\/unimescreations.com\/index.php\/wp-json\/wp\/v2\/product_tag?post=158"}],"curies":[{"name":"wp","href":"https:\/\/api.w.org\/{rel}","templated":true}]}}