{"id":154,"date":"2025-10-22T20:45:53","date_gmt":"2025-10-22T20:45:53","guid":{"rendered":"https:\/\/unimescreations.com\/?post_type=product&#038;p=154"},"modified":"2026-02-22T13:14:13","modified_gmt":"2026-02-22T13:14:13","slug":"boucles-doreilles-alcyone","status":"publish","type":"product","link":"https:\/\/unimescreations.com\/index.php\/produit\/boucles-doreilles-alcyone\/","title":{"rendered":"Boucles d&rsquo;oreilles Alcyone"},"content":{"rendered":"<p>Boucles d&rsquo;oreilles Alcyone &#8211; Base dor\u00e9e en acier inoxydable, sublim\u00e9e par un pendentif en r\u00e9sine formant un anneau d&rsquo;un vert jade \u00e9l\u00e9gant.<\/p>\n<p>Forme : Clou d&rsquo;oreilles ovale , anneau en r\u00e9sine ovale avec un effet ondul\u00e9.<\/p>\n<p>Dimensions : r\u00e9sine &#8211; 40 mm de haut, 30 mm de large ;\u00a0partie dor\u00e9e &#8211; 15 mm<\/p>\n<p>Attaches : clous d&rsquo;oreilles avec fermoir papillon<\/p>\n<p>&nbsp;<\/p>\n","protected":false},"excerpt":{"rendered":"<p>Les boucles d&rsquo;oreilles Alcyone cr\u00e9ent la rencontre entre l&rsquo;\u00e9clat du dor\u00e9 et la douceur du vert jade.<\/p>\n<p>Une pi\u00e8ce tendance qui allie brillance et modernit\u00e9, et qui deviendra rapidement un classique parmi vos bijoux.<\/p>\n","protected":false},"featured_media":119,"comment_status":"open","ping_status":"closed","template":"","meta":[],"product_brand":[],"product_cat":[18],"product_tag":[],"class_list":{"0":"post-154","1":"product","2":"type-product","3":"status-publish","4":"has-post-thumbnail","6":"product_cat-boucles-doreilles-acier-inoxydable","8":"first","9":"instock","10":"sold-individually","11":"purchasable","12":"product-type-simple"},"jetpack_sharing_enabled":true,"_links":{"self":[{"href":"https:\/\/unimescreations.com\/index.php\/wp-json\/wp\/v2\/product\/154","targetHints":{"allow":["GET"]}}],"collection":[{"href":"https:\/\/unimescreations.com\/index.php\/wp-json\/wp\/v2\/product"}],"about":[{"href":"https:\/\/unimescreations.com\/index.php\/wp-json\/wp\/v2\/types\/product"}],"replies":[{"embeddable":true,"href":"https:\/\/unimescreations.com\/index.php\/wp-json\/wp\/v2\/comments?post=154"}],"wp:featuredmedia":[{"embeddable":true,"href":"https:\/\/unimescreations.com\/index.php\/wp-json\/wp\/v2\/media\/119"}],"wp:attachment":[{"href":"https:\/\/unimescreations.com\/index.php\/wp-json\/wp\/v2\/media?parent=154"}],"wp:term":[{"taxonomy":"product_brand","embeddable":true,"href":"https:\/\/unimescreations.com\/index.php\/wp-json\/wp\/v2\/product_brand?post=154"},{"taxonomy":"product_cat","embeddable":true,"href":"https:\/\/unimescreations.com\/index.php\/wp-json\/wp\/v2\/product_cat?post=154"},{"taxonomy":"product_tag","embeddable":true,"href":"https:\/\/unimescreations.com\/index.php\/wp-json\/wp\/v2\/product_tag?post=154"}],"curies":[{"name":"wp","href":"https:\/\/api.w.org\/{rel}","templated":true}]}}