{"id":144,"date":"2025-10-18T21:29:03","date_gmt":"2025-10-18T21:29:03","guid":{"rendered":"https:\/\/unimescreations.com\/?post_type=product&#038;p=144"},"modified":"2026-02-22T13:14:13","modified_gmt":"2026-02-22T13:14:13","slug":"boucles-doreilles-astrid","status":"publish","type":"product","link":"https:\/\/unimescreations.com\/index.php\/produit\/boucles-doreilles-astrid\/","title":{"rendered":"Boucles d&rsquo;oreilles Astrid"},"content":{"rendered":"<p>Boucles d&rsquo;oreilles Astrid &#8211; ovales dor\u00e9es, orn\u00e9es d&rsquo;un cabochon marbr\u00e9 cyan clair et l\u00e9g\u00e8rement torsad\u00e9es.<\/p>\n<p>Forme : ovale torsad\u00e9<\/p>\n<p>Couleurs : dor\u00e9 et cyan clair marbr\u00e9<\/p>\n<p>Dimensions : largeur 19mm . hauteur 26mm<\/p>\n<p>Attaches : clous d&rsquo;oreilles avec fermoirs papillons<\/p>\n","protected":false},"excerpt":{"rendered":"<p>Les boucles d&rsquo;oreilles Astrid allient discr\u00e9tion et audace dans un \u00e9quilibre parfait.<\/p>\n","protected":false},"featured_media":126,"comment_status":"open","ping_status":"closed","template":"","meta":[],"product_brand":[],"product_cat":[18],"product_tag":[],"class_list":{"0":"post-144","1":"product","2":"type-product","3":"status-publish","4":"has-post-thumbnail","6":"product_cat-boucles-doreilles-acier-inoxydable","8":"first","9":"instock","10":"sold-individually","11":"purchasable","12":"product-type-simple"},"jetpack_sharing_enabled":true,"_links":{"self":[{"href":"https:\/\/unimescreations.com\/index.php\/wp-json\/wp\/v2\/product\/144","targetHints":{"allow":["GET"]}}],"collection":[{"href":"https:\/\/unimescreations.com\/index.php\/wp-json\/wp\/v2\/product"}],"about":[{"href":"https:\/\/unimescreations.com\/index.php\/wp-json\/wp\/v2\/types\/product"}],"replies":[{"embeddable":true,"href":"https:\/\/unimescreations.com\/index.php\/wp-json\/wp\/v2\/comments?post=144"}],"wp:featuredmedia":[{"embeddable":true,"href":"https:\/\/unimescreations.com\/index.php\/wp-json\/wp\/v2\/media\/126"}],"wp:attachment":[{"href":"https:\/\/unimescreations.com\/index.php\/wp-json\/wp\/v2\/media?parent=144"}],"wp:term":[{"taxonomy":"product_brand","embeddable":true,"href":"https:\/\/unimescreations.com\/index.php\/wp-json\/wp\/v2\/product_brand?post=144"},{"taxonomy":"product_cat","embeddable":true,"href":"https:\/\/unimescreations.com\/index.php\/wp-json\/wp\/v2\/product_cat?post=144"},{"taxonomy":"product_tag","embeddable":true,"href":"https:\/\/unimescreations.com\/index.php\/wp-json\/wp\/v2\/product_tag?post=144"}],"curies":[{"name":"wp","href":"https:\/\/api.w.org\/{rel}","templated":true}]}}