{"id":127,"date":"2025-10-16T20:01:58","date_gmt":"2025-10-16T20:01:58","guid":{"rendered":"http:\/\/unimescreations.com\/?post_type=product&#038;p=127"},"modified":"2026-02-22T13:14:44","modified_gmt":"2026-02-22T13:14:44","slug":"boucles-doreilles-arabesque","status":"publish","type":"product","link":"https:\/\/unimescreations.com\/index.php\/produit\/boucles-doreilles-arabesque\/","title":{"rendered":"Boucles d&rsquo;oreilles Arabesque"},"content":{"rendered":"<p><strong>Boucles d&rsquo;oreilles Arabesque<\/strong> &#8211; mod\u00e8le unique en bois peint \u00e0 la main.<\/p>\n<p>Forme: goutte<\/p>\n<p>Couleurs: m\u00e9lange de verts tachet\u00e9s de blanc.<\/p>\n<p>Dimensions: 60mm<\/p>\n<p>Attaches: crochets type <em>fish hook<\/em> dor\u00e9s en acier inoxydable.<\/p>\n<p>&nbsp;<\/p>\n","protected":false},"excerpt":{"rendered":"<p>Boucles d&rsquo;oreilles Arabesque : l\u00e9g\u00e8res, unique et pleine de caract\u00e8re.<\/p>\n","protected":false},"featured_media":79,"comment_status":"open","ping_status":"closed","template":"","meta":[],"product_brand":[],"product_cat":[17],"product_tag":[],"class_list":{"0":"post-127","1":"product","2":"type-product","3":"status-publish","4":"has-post-thumbnail","6":"product_cat-boucles-doreilles-peintes-a-la-main","8":"first","9":"instock","10":"purchasable","11":"product-type-simple"},"jetpack_sharing_enabled":true,"_links":{"self":[{"href":"https:\/\/unimescreations.com\/index.php\/wp-json\/wp\/v2\/product\/127","targetHints":{"allow":["GET"]}}],"collection":[{"href":"https:\/\/unimescreations.com\/index.php\/wp-json\/wp\/v2\/product"}],"about":[{"href":"https:\/\/unimescreations.com\/index.php\/wp-json\/wp\/v2\/types\/product"}],"replies":[{"embeddable":true,"href":"https:\/\/unimescreations.com\/index.php\/wp-json\/wp\/v2\/comments?post=127"}],"wp:featuredmedia":[{"embeddable":true,"href":"https:\/\/unimescreations.com\/index.php\/wp-json\/wp\/v2\/media\/79"}],"wp:attachment":[{"href":"https:\/\/unimescreations.com\/index.php\/wp-json\/wp\/v2\/media?parent=127"}],"wp:term":[{"taxonomy":"product_brand","embeddable":true,"href":"https:\/\/unimescreations.com\/index.php\/wp-json\/wp\/v2\/product_brand?post=127"},{"taxonomy":"product_cat","embeddable":true,"href":"https:\/\/unimescreations.com\/index.php\/wp-json\/wp\/v2\/product_cat?post=127"},{"taxonomy":"product_tag","embeddable":true,"href":"https:\/\/unimescreations.com\/index.php\/wp-json\/wp\/v2\/product_tag?post=127"}],"curies":[{"name":"wp","href":"https:\/\/api.w.org\/{rel}","templated":true}]}}